{"id":425,"date":"2025-02-15T19:38:54","date_gmt":"2025-02-15T18:38:54","guid":{"rendered":"https:\/\/vrtecskofije.splet.arnes.si\/?page_id=425"},"modified":"2025-02-15T22:25:42","modified_gmt":"2025-02-15T21:25:42","slug":"prednostne-naloge-in-cilji","status":"publish","type":"page","link":"https:\/\/www.vrtec-skofije.si\/?page_id=425","title":{"rendered":"Poslanstvo in cilji"},"content":{"rendered":"<p style=\"text-align: justify\">Na\u0161e temeljno poslanstvo je ustvarjanje pogojev za celovit razvoj otrokovih telesnih in du\u0161evnih funkcij v skladu z javno veljavnimi programi, ter pomo\u010d star\u0161em pri celoviti skrbi za otroka. V vrtcu ustvarjamo spodbudno u\u010dno okolje, skrbimo za razvoj socialnih zmo\u017enosti ter medsebojno sodelovanje. S spo\u0161tovanjem razli\u010dnosti, prijaznostjo in strpnostjo vzgajamo otroka v samostojnega, ustvarjalnega in zadovoljnega \u010dloveka. Z ozave\u0161\u010danjem svoje vloge in zagotavljanjem strokovnosti, spremljamo in razvijamo otrokove zmo\u017enosti, s poudarkom na socializaciji, igri in u\u010denju v naravnih okoljih. S svojim zgledom dajemo pomen neposrednemu stiku z naravo. Z namenom, da otrokom omogo\u010dimo razvijanje pozitivnih \u010dustev do narave in okolja v katerem \u017eivimo. S tem razvijamo ekolo\u0161ko zavest ter ponotranjamo na\u0161e vrednote.<\/p>\n<p>Vrednote vrtca O\u0160 Oskarja Kova\u010di\u010da \u0160kofije, ki jim bomo sledili pri na\u0161em delu:&nbsp;<\/p>\n<p style=\"text-align: center;font-family: 'Tillana';color: #ef732b\">strpnost, empatija, medsebojno spo\u0161tovanje, vljudnost ter sprejemanje druga\u010dnosti.<\/p>\n<p><img loading=\"lazy\" decoding=\"async\" class=\"alignnone wp-image-512 size-full\" src=\"https:\/\/www.vrtec-skofije.si\/files\/2025\/02\/Posnetek-zaslona-2025-02-15-221840.png\" alt=\"\" width=\"1132\" height=\"578\" srcset=\"https:\/\/www.vrtec-skofije.si\/files\/2025\/02\/Posnetek-zaslona-2025-02-15-221840.png 1132w, https:\/\/www.vrtec-skofije.si\/files\/2025\/02\/Posnetek-zaslona-2025-02-15-221840-300x153.png 300w, https:\/\/www.vrtec-skofije.si\/files\/2025\/02\/Posnetek-zaslona-2025-02-15-221840-1024x523.png 1024w, https:\/\/www.vrtec-skofije.si\/files\/2025\/02\/Posnetek-zaslona-2025-02-15-221840-768x392.png 768w, https:\/\/www.vrtec-skofije.si\/files\/2025\/02\/Posnetek-zaslona-2025-02-15-221840-947x484.png 947w, https:\/\/www.vrtec-skofije.si\/files\/2025\/02\/Posnetek-zaslona-2025-02-15-221840-624x319.png 624w\" sizes=\"auto, (max-width: 1132px) 100vw, 1132px\" \/><\/p>\n<p><strong>CILJI PRED\u0160OLSKE VZGOJE<\/strong><\/p>\n<p>Temeljno izhodi\u0161\u010de pred\u0161olske vzgoje v vrtcu je spo\u0161tovanje otrokovih pravic in pravic star\u0161ev, ki so opredeljene v mednarodnih konvencijah. Temeljna naloga vrtca je pomo\u010d star\u0161em pri celoviti skrbi za otroke, izbolj\u0161anje kvalitete \u017eivljenja dru\u017ein in otrok ter ustvarjanje pogojev za razvoj otrokovih telesnih in du\u0161evnih sposobnosti.&nbsp;<\/p>\n<p>Vzgojni program postavlja v ospredje potrebe in osebnost otroka, med pomembnej\u0161imi cilji kurikula so prepoznavanje in razvijanje otrokove individualnosti, omogo\u010danje druga\u010dnosti in izbire ter spo\u0161tovanje zasebnosti in intimnosti otroka.&nbsp;<\/p>\n<p>Cilji pred\u0161olske vzgoje so:&nbsp;<\/p>\n<ul>\n<li>razvijanje sposobnosti razumevanja in sprejemanja tako sebe kot drugih,&nbsp;<\/li>\n<li>razvijanje sposobnosti za dogovarjanje, upo\u0161tevanje razli\u010dnosti in sodelovanje v skupinah,<\/li>\n<li>razvijanje sposobnosti prepoznavanja \u010dustev in spodbujanje \u010dustvenega do\u017eivljanja in izra\u017eanja,&nbsp;<\/li>\n<li>negovanje radovednosti, raziskovalnega duha, domi\u0161ljije in intuicije ter razvijanje neodvisnega mi\u0161ljenja,&nbsp;<\/li>\n<li>spodbujanje jezikovnega razvoja za u\u010dinkovito in ustvarjalno uporabo govora, kasneje pa tudi branja in pisanja,&nbsp;<\/li>\n<li>spodbujanje do\u017eivljanja umetni\u0161kih del in umetni\u0161kega izra\u017eanja,&nbsp;<\/li>\n<li>posredovanje znanj z razli\u010dnih podro\u010dij znanosti in iz vsakodnevnega \u017eivljenja,&nbsp;<\/li>\n<li>spodbujanje telesnega in gibalnega razvoja in razvijanje samostojnosti pri higienskih navadah in pri skrbi za zdravje.<\/li>\n<\/ul>\n<p>Cilje pred\u0161olske vzgoje uresni\u010dujemo skozi vsakodnevne dejavnosti z zastavljenimi prednostnimi nalogami, s sodelovanjem v projektnih aktivnostih, z obogatitvenim programom ter s premi\u0161ljeno letno zasnovo programa v posamezni skupini otrok.<\/p>\n<p>Na poti do zastavljene vizije, ob uresni\u010devanju ciljev, \u017eelimo v vrtcu pri O\u0160 Oskarja Kova\u010di\u010da \u0160kofije&nbsp;<\/p>\n<p style=\"text-align: center;font-family: 'Tillana';color: #ef732b\"><em>SKOZI IGRO&nbsp; RAZVIJATI PREPOZNAVNOST IN OBVLADOVANJE \u010cUSTEV TER MED OTROKI GRADITI POZITIVNE SOCIALNE INTERAKCIJE IN EMPATI\u010cNOST.<\/em><\/p>\n","protected":false},"excerpt":{"rendered":"<p>Na\u0161e temeljno poslanstvo je ustvarjanje pogojev za celovit razvoj otrokovih telesnih in du\u0161evnih funkcij v skladu z javno veljavnimi programi, ter pomo\u010d star\u0161em pri celoviti skrbi za otroka. V vrtcu [&hellip;]<\/p>\n","protected":false},"author":58769,"featured_media":0,"parent":0,"menu_order":0,"comment_status":"closed","ping_status":"closed","template":"","meta":{"ngg_post_thumbnail":0,"footnotes":""},"class_list":["post-425","page","type-page","status-publish","hentry"],"_links":{"self":[{"href":"https:\/\/www.vrtec-skofije.si\/index.php?rest_route=\/wp\/v2\/pages\/425","targetHints":{"allow":["GET"]}}],"collection":[{"href":"https:\/\/www.vrtec-skofije.si\/index.php?rest_route=\/wp\/v2\/pages"}],"about":[{"href":"https:\/\/www.vrtec-skofije.si\/index.php?rest_route=\/wp\/v2\/types\/page"}],"author":[{"embeddable":true,"href":"https:\/\/www.vrtec-skofije.si\/index.php?rest_route=\/wp\/v2\/users\/58769"}],"replies":[{"embeddable":true,"href":"https:\/\/www.vrtec-skofije.si\/index.php?rest_route=%2Fwp%2Fv2%2Fcomments&post=425"}],"version-history":[{"count":9,"href":"https:\/\/www.vrtec-skofije.si\/index.php?rest_route=\/wp\/v2\/pages\/425\/revisions"}],"predecessor-version":[{"id":518,"href":"https:\/\/www.vrtec-skofije.si\/index.php?rest_route=\/wp\/v2\/pages\/425\/revisions\/518"}],"wp:attachment":[{"href":"https:\/\/www.vrtec-skofije.si\/index.php?rest_route=%2Fwp%2Fv2%2Fmedia&parent=425"}],"curies":[{"name":"wp","href":"https:\/\/api.w.org\/{rel}","templated":true}]}}